{"id":1626,"date":"2024-08-19T18:38:58","date_gmt":"2024-08-19T18:38:58","guid":{"rendered":"https:\/\/ko-world.com\/?page_id=1626"},"modified":"2024-12-28T17:24:15","modified_gmt":"2024-12-28T17:24:15","slug":"about-us","status":"publish","type":"page","link":"https:\/\/ko-world.com\/fr\/about-us\/","title":{"rendered":"\u00c0 propos de nous"},"content":{"rendered":"<div class=\"wp-block-group is-layout-constrained wp-container-core-group-is-layout-091675b0 wp-block-group-is-layout-constrained\" style=\"padding-top:100px;padding-right:var(--wp--preset--spacing--40);padding-bottom:100px;padding-left:var(--wp--preset--spacing--40)\">\n<div class=\"wp-block-group is-vertical is-content-justification-center is-layout-flex wp-container-core-group-is-layout-ce155fab wp-block-group-is-layout-flex\">\n<h1 class=\"wp-block-heading has-text-align-center\">Bienvenue chez Ko-world<\/h1>\n\n\n\n<p class=\"has-text-align-center\">Nous fournissons des solutions d'import-export fluides et fiables, rationalisant le commerce mondial pour votre entreprise.<\/p>\n<\/div>\n<\/div>\n\n\n\n<main class=\"wp-block-group has-light-color-background-color has-background is-layout-constrained wp-container-core-group-is-layout-e6f1036d wp-block-group-is-layout-constrained\" style=\"margin-top:0;margin-bottom:0;padding-top:0;padding-right:0;padding-bottom:0;padding-left:0\">\n<div class=\"wp-block-group is-layout-constrained wp-container-core-group-is-layout-969fe49b wp-block-group-is-layout-constrained\" style=\"margin-top:0;margin-bottom:0;padding-top:var(--wp--preset--spacing--50);padding-right:var(--wp--preset--spacing--40);padding-bottom:var(--wp--preset--spacing--50);padding-left:var(--wp--preset--spacing--40)\">\n<h1 class=\"wp-block-heading has-text-align-center has-border-color-color has-text-color has-link-color wp-elements-f53092611573e8ff49f7a382bf429e4b\" id=\"about-us\">Message du PDG<\/h1>\n\n\n\n<div class=\"wp-block-group is-nowrap is-layout-flex wp-container-core-group-is-layout-6c531013 wp-block-group-is-layout-flex\">\n<figure class=\"wp-block-image size-full has-custom-border is-style-default\"><img fetchpriority=\"high\" decoding=\"async\" width=\"1206\" height=\"466\" src=\"https:\/\/ko-world.com\/wp-content\/uploads\/2024\/08\/a.jpg\" alt=\"\" class=\"wp-image-1939\" style=\"border-radius:7px;object-fit:cover\" srcset=\"https:\/\/ko-world.com\/wp-content\/uploads\/2024\/08\/a.jpg 1206w, https:\/\/ko-world.com\/wp-content\/uploads\/2024\/08\/a-300x116.jpg 300w, https:\/\/ko-world.com\/wp-content\/uploads\/2024\/08\/a-1024x396.jpg 1024w, https:\/\/ko-world.com\/wp-content\/uploads\/2024\/08\/a-768x297.jpg 768w\" sizes=\"(max-width: 1206px) 100vw, 1206px\" \/><\/figure>\n<\/div>\n\n\n\n<div class=\"wp-block-columns are-vertically-aligned-center is-style-default is-layout-flex wp-container-core-columns-is-layout-194573e9 wp-block-columns-is-layout-flex\" style=\"margin-top:var(--wp--preset--spacing--50)\">\n<div class=\"wp-block-column is-vertically-aligned-center is-style-default is-layout-flow wp-container-core-column-is-layout-de8a46a5 wp-block-column-is-layout-flow\" style=\"border-top-style:none;border-top-width:0px;border-right-style:none;border-right-width:0px;border-bottom-style:none;border-bottom-width:0px;border-left-color:var(--wp--preset--color--luminous-vivid-amber);border-left-width:3px;padding-top:var(--wp--preset--spacing--30);padding-right:0;padding-bottom:var(--wp--preset--spacing--30);padding-left:var(--wp--preset--spacing--70)\">\n<p class=\"has-heading-color-color has-text-color has-link-color wp-elements-01b0e8c5f4adbf963d0dad739c873617\">NOUS CR\u00c9ONS DES OPPORTUNIT\u00c9S ET OBTENONS DES R\u00c9SULTATS<\/p>\n\n\n\n<p>Partout sur la carte de l'Asie et dans tout l'\u00e9ventail des d\u00e9fis commerciaux en Cor\u00e9e pr\u00e9cis\u00e9ment, c'est l\u00e0 que vous trouverez Ko-world cr\u00e9ant des opportunit\u00e9s commerciales et achevant les objectifs. Avec un personnel cr\u00e9atif qui a une vision claire de l'avenir, notre entreprise continue d'accro\u00eetre son exp\u00e9rience et son expertise. C'est pourquoi nos clients comptent sur nous pour trouver la bonne affaire, avoir le bon prix et \u00eatre \u00e0 l'heure, \u00e0 chaque fois.<\/p>\n\n\n\n<p>En particulier dans le monde les d\u00e9fis confront\u00e9 \naujourd'hui sans pr\u00e9c\u00e9dent. Ko-world a cr\u00e9\u00e9 une feuille de route commerciale pour les entreprises, petites et grandes, sp\u00e9cialis\u00e9es dans des secteurs tels que l'automobile, les mines, les engins lourds, l'importation et l'exportation et plus encore.<\/p>\n\n\n\n<p>C'est le pouvoir de Ko-world.<\/p>\n\n\n\n<p>Nous sommes Ko-world et nous nous effor\u00e7ons s\u00e9rieusement pour achever vos objectifs.<\/p>\n\n\n\n<p>Merci !<\/p>\n\n\n\n<p class=\"has-heading-color-color has-text-color has-link-color wp-elements-c4cd4d2ec214ae907e7ad867c739e41b\">Abdelaziz Yazghi, Pr\u00e9sident<\/p>\n<\/div>\n<\/div>\n<\/div>\n<\/main>\n\n\n\n<div class=\"wp-block-group is-layout-constrained wp-container-core-group-is-layout-417c32f2 wp-block-group-is-layout-constrained\" style=\"margin-top:0px;margin-bottom:0px;padding-top:0px;padding-right:0;padding-bottom:0px;padding-left:0\"><\/div>\n\n\n\n<div class=\"wp-block-group has-light-shade-background-color has-background is-layout-constrained wp-container-core-group-is-layout-e9bd200f wp-block-group-is-layout-constrained\" style=\"margin-top:0;margin-bottom:0;padding-top:80px;padding-right:var(--wp--preset--spacing--50);padding-bottom:80px;padding-left:var(--wp--preset--spacing--50)\">\n<div class=\"wp-block-group is-layout-constrained wp-container-core-group-is-layout-2af18573 wp-block-group-is-layout-constrained\" style=\"margin-top:0;margin-bottom:60px\">\n<h1 class=\"wp-block-heading has-text-align-center\">Marques et Partenaires de Confiance<\/h1>\n\n\n\n<p class=\"has-text-align-center\">Ko-world collabore avec les plus grande marques du monde et partenaires de confiance pour fournir des produits de la plus haute qualit\u00e9. Nos relations de longue terme garantissent une grande valeur,  fiabilit\u00e9 et innovation exceptionnelles pour r\u00e9pondre aux divers besoins de nos clients.<\/p>\n<\/div>\n\n\n\n<div class=\"wp-block-group is-style-default has-transparent-background-color has-background is-content-justification-center is-nowrap is-layout-flex wp-container-core-group-is-layout-083070d0 wp-block-group-is-layout-flex\" style=\"padding-top:var(--wp--preset--spacing--40);padding-bottom:var(--wp--preset--spacing--40)\">\n<figure class=\"wp-block-image size-full is-resized\"><img decoding=\"async\" width=\"225\" height=\"225\" src=\"https:\/\/ko-world.com\/wp-content\/uploads\/2024\/10\/image.png\" alt=\"Logos\" class=\"wp-image-2762\" style=\"width:80px\" srcset=\"https:\/\/ko-world.com\/wp-content\/uploads\/2024\/10\/image.png 225w, https:\/\/ko-world.com\/wp-content\/uploads\/2024\/10\/image-150x150.png 150w, https:\/\/ko-world.com\/wp-content\/uploads\/2024\/10\/image-12x12.png 12w\" sizes=\"(max-width: 225px) 100vw, 225px\" \/><\/figure>\n\n\n\n<figure class=\"wp-block-image is-resized\"><img decoding=\"async\" src=\"https:\/\/seeklogo.com\/images\/K\/kia-motors-logo-7DAA83B4DF-seeklogo.com.png\" alt=\"Kia Motors Logo PNG Vector (EPS) Free Download\" style=\"width:80px\"\/><\/figure>\n\n\n\n<figure class=\"wp-block-image is-resized\"><img decoding=\"async\" src=\"https:\/\/i.pinimg.com\/564x\/4a\/73\/cb\/4a73cb1bbf75a70185fec32e7b4e80b0.jpg\" alt=\"Korean Car Brands, Companies and Manufacturers\" style=\"width:80px\"\/><\/figure>\n\n\n\n<figure class=\"wp-block-image is-resized\"><img decoding=\"async\" src=\"https:\/\/mail.google.com\/mail\/u\/1?ui=2&amp;ik=f446453dda&amp;attid=0.0.1&amp;permmsgid=msg-f:1824734602037271985&amp;th=1952c273e3cb9db1&amp;view=fimg&amp;fur=ip&amp;permmsgid=msg-f:1824734602037271985&amp;sz=s0-l75-ft&amp;attbid=ANGjdJ-Iz5k7D94Gt_4C4L4I8bKXyGa55qVLC5rP7jOXwTpLBCAHqrRJHcOn3fAWcfy2GzjgC7R0UOv2MaPibBjpwEKlE10I0YG5PUZFRFEwRq0jHvq2a91uezn2Bww&amp;disp=emb&amp;realattid=ii_1952c26bed2ad7999131&amp;zw\" alt=\"\" style=\"width:80px\"\/><\/figure>\n<\/div>\n<\/div>","protected":false},"excerpt":{"rendered":"","protected":false},"author":1,"featured_media":0,"parent":0,"menu_order":0,"comment_status":"closed","ping_status":"closed","template":"","meta":{"_acf_changed":false,"footnotes":""},"class_list":["post-1626","page","type-page","status-publish","hentry"],"acf":[],"_links":{"self":[{"href":"https:\/\/ko-world.com\/fr\/wp-json\/wp\/v2\/pages\/1626","targetHints":{"allow":["GET"]}}],"collection":[{"href":"https:\/\/ko-world.com\/fr\/wp-json\/wp\/v2\/pages"}],"about":[{"href":"https:\/\/ko-world.com\/fr\/wp-json\/wp\/v2\/types\/page"}],"author":[{"embeddable":true,"href":"https:\/\/ko-world.com\/fr\/wp-json\/wp\/v2\/users\/1"}],"replies":[{"embeddable":true,"href":"https:\/\/ko-world.com\/fr\/wp-json\/wp\/v2\/comments?post=1626"}],"version-history":[{"count":5,"href":"https:\/\/ko-world.com\/fr\/wp-json\/wp\/v2\/pages\/1626\/revisions"}],"predecessor-version":[{"id":2958,"href":"https:\/\/ko-world.com\/fr\/wp-json\/wp\/v2\/pages\/1626\/revisions\/2958"}],"wp:attachment":[{"href":"https:\/\/ko-world.com\/fr\/wp-json\/wp\/v2\/media?parent=1626"}],"curies":[{"name":"wp","href":"https:\/\/api.w.org\/{rel}","templated":true}]}}