{"id":1642,"date":"2024-08-19T19:10:37","date_gmt":"2024-08-19T19:10:37","guid":{"rendered":"https:\/\/ko-world.com\/?page_id=1642"},"modified":"2024-08-23T17:32:37","modified_gmt":"2024-08-23T17:32:37","slug":"services","status":"publish","type":"page","link":"https:\/\/ko-world.com\/fr\/services\/","title":{"rendered":"Services"},"content":{"rendered":"<div class=\"wp-block-group is-layout-constrained wp-block-group-is-layout-constrained\">\n<div class=\"wp-block-group is-layout-constrained wp-container-core-group-is-layout-9e3aea94 wp-block-group-is-layout-constrained\" style=\"margin-top:0;margin-bottom:0;padding-top:100px;padding-right:var(--wp--preset--spacing--30);padding-bottom:100px;padding-left:var(--wp--preset--spacing--40)\">\n<div class=\"wp-block-group handyman-blocks-fade-up is-layout-constrained wp-container-core-group-is-layout-1c93a4c8 wp-block-group-is-layout-constrained\" style=\"margin-bottom:var(--wp--preset--spacing--80)\">\n<h1 class=\"wp-block-heading has-text-align-center has-heading-color-color has-text-color has-link-color wp-elements-69a118194014b2bb9c91ef333d6bec3e\">Nos Services<\/h1>\n\n\n\n<p class=\"has-text-align-center\" style=\"margin-top:12px\">D\u00e9couvrez des \u00e9quipements lourds de qualit\u00e9 sup\u00e9rieure, des composants pour l'industrie mini\u00e8re et des pi\u00e8ces automobiles - votre source fiable de pi\u00e8ces \u00e0 haute fiabilit\u00e9 et performance qui assurent le bon fonctionnement de vos op\u00e9rations. Nous sommes des sp\u00e9cialistes de solutions d'importation et d'exportation.<\/p>\n<\/div>\n\n\n\n<div class=\"wp-block-columns handyman-blocks-fade-up is-layout-flex wp-container-core-columns-is-layout-ce3b24c9 wp-block-columns-is-layout-flex\" style=\"margin-top:60px\">\n<div class=\"wp-block-column is-layout-flow wp-block-column-is-layout-flow\">\n<div class=\"wp-block-group is-style-handyman-blocks-boxshadow-medium has-light-color-background-color has-background is-layout-constrained wp-container-core-group-is-layout-42e84166 wp-block-group-is-layout-constrained\" style=\"border-style:none;border-width:0px;border-radius:0px;margin-top:0;margin-bottom:0;padding-top:40px;padding-right:40px;padding-bottom:50px;padding-left:40px\">\n<figure class=\"wp-block-image aligncenter size-full is-resized has-custom-border\"><img fetchpriority=\"high\" decoding=\"async\" width=\"512\" height=\"512\" src=\"https:\/\/ko-world.com\/wp-content\/uploads\/2024\/08\/excavator.png\" alt=\"\" class=\"wp-image-2986\" style=\"border-style:none;border-width:0px;border-radius:50%;object-fit:cover;width:113px;height:113px\" srcset=\"https:\/\/ko-world.com\/wp-content\/uploads\/2024\/08\/excavator.png 512w, https:\/\/ko-world.com\/wp-content\/uploads\/2024\/08\/excavator-300x300.png 300w, https:\/\/ko-world.com\/wp-content\/uploads\/2024\/08\/excavator-150x150.png 150w, https:\/\/ko-world.com\/wp-content\/uploads\/2024\/08\/excavator-12x12.png 12w\" sizes=\"(max-width: 512px) 100vw, 512px\" \/><\/figure>\n\n\n\n<div class=\"wp-block-group is-content-justification-center is-layout-constrained wp-container-core-group-is-layout-e91681c1 wp-block-group-is-layout-constrained\">\n<h4 class=\"wp-block-heading has-text-align-center has-big-font-size\" style=\"margin-top:24px\">\u00c9quipement Lourd\/Industrie Mini\u00e8re<\/h4>\n\n\n\n<p>\nKo-world est une entreprise cor\u00e9enne enregistr\u00e9e \u00e0 Wonju, en Cor\u00e9e du Sud.<br><br>\nL'une de ses principales activit\u00e9s est l'exportation principalement de pi\u00e8ces automobiles et de machines lourdes li\u00e9es \u00e0 l'industrie mini\u00e8re.<br><br>\nVous pouvez compter sur notre r\u00e9putation de longue date et notre attention professionnelle aux d\u00e9tails pour g\u00e9rer chaque \u00e9tape du processus d'achat et d'exp\u00e9dition. <br><br>\nFort de plusieurs ann\u00e9es d'exp\u00e9rience dans l'exportation de voitures et de mat\u00e9riel lourd, vous pouvez compter sur nous pour tous vos besoins internationaux.\n<\/p>\n<\/div>\n<\/div>\n<\/div>\n\n\n\n<div class=\"wp-block-column is-layout-flow wp-block-column-is-layout-flow\">\n<div class=\"wp-block-group is-style-handyman-blocks-boxshadow-medium has-light-color-background-color has-background is-layout-constrained wp-container-core-group-is-layout-f109952b wp-block-group-is-layout-constrained\" style=\"border-style:none;border-width:0px;border-radius:0px;margin-top:0;margin-bottom:0;padding-top:40px;padding-right:40px;padding-bottom:40px;padding-left:40px\">\n<figure class=\"wp-block-image aligncenter size-full is-resized has-custom-border\"><img decoding=\"async\" width=\"512\" height=\"512\" src=\"https:\/\/ko-world.com\/wp-content\/uploads\/2024\/08\/spare-parts.png\" alt=\"\" class=\"wp-image-2985\" style=\"border-style:none;border-width:0px;border-radius:50%;object-fit:cover;width:113px;height:113px\" srcset=\"https:\/\/ko-world.com\/wp-content\/uploads\/2024\/08\/spare-parts.png 512w, https:\/\/ko-world.com\/wp-content\/uploads\/2024\/08\/spare-parts-300x300.png 300w, https:\/\/ko-world.com\/wp-content\/uploads\/2024\/08\/spare-parts-150x150.png 150w, https:\/\/ko-world.com\/wp-content\/uploads\/2024\/08\/spare-parts-12x12.png 12w\" sizes=\"(max-width: 512px) 100vw, 512px\" \/><\/figure>\n\n\n\n<div class=\"wp-block-group is-layout-constrained wp-container-core-group-is-layout-92b9201d wp-block-group-is-layout-constrained\">\n<h4 class=\"wp-block-heading has-text-align-center has-big-font-size\" style=\"margin-top:24px\">Pi\u00e8ces Automobiles<\/h4>\n\n\n\n<p class=\"has-text-align-center\">Ko-world fournit des produits de haute qualit\u00e9 \u00e0 des prix comp\u00e9titifs, ainsi qu'un suivi excellent et rapide pour assurer la satisfaction de ses clients.<\/p>\n\n\n\n<p class=\"has-text-align-center\">Nous proposons des pi\u00e8ces automobiles d'origine pour Hyundai, Kia, GM, Chevrolet et Ssangyong, ainsi que des pi\u00e8ces OEM et NG de qualit\u00e9 \u00e9prouv\u00e9e \u00e0 des tarifs avantageux.<\/p>\n\n\n\n<p class=\"has-text-align-center\">Contactez-nous et devenez un importateur majeur de pi\u00e8ces automobiles dans le monde entier.<\/p>\n\n\n\n<p class=\"has-text-align-center\">Ko-world s'engage \u00e0 offrir des produits de la plus haute qualit\u00e9 avec le meilleur service.<\/p>\n<\/div>\n<\/div>\n<\/div>\n<\/div>\n<\/div>\n<\/div>","protected":false},"excerpt":{"rendered":"","protected":false},"author":1,"featured_media":0,"parent":0,"menu_order":0,"comment_status":"closed","ping_status":"closed","template":"","meta":{"_acf_changed":false,"footnotes":""},"class_list":["post-1642","page","type-page","status-publish","hentry"],"acf":[],"_links":{"self":[{"href":"https:\/\/ko-world.com\/fr\/wp-json\/wp\/v2\/pages\/1642","targetHints":{"allow":["GET"]}}],"collection":[{"href":"https:\/\/ko-world.com\/fr\/wp-json\/wp\/v2\/pages"}],"about":[{"href":"https:\/\/ko-world.com\/fr\/wp-json\/wp\/v2\/types\/page"}],"author":[{"embeddable":true,"href":"https:\/\/ko-world.com\/fr\/wp-json\/wp\/v2\/users\/1"}],"replies":[{"embeddable":true,"href":"https:\/\/ko-world.com\/fr\/wp-json\/wp\/v2\/comments?post=1642"}],"version-history":[{"count":26,"href":"https:\/\/ko-world.com\/fr\/wp-json\/wp\/v2\/pages\/1642\/revisions"}],"predecessor-version":[{"id":1824,"href":"https:\/\/ko-world.com\/fr\/wp-json\/wp\/v2\/pages\/1642\/revisions\/1824"}],"wp:attachment":[{"href":"https:\/\/ko-world.com\/fr\/wp-json\/wp\/v2\/media?parent=1642"}],"curies":[{"name":"wp","href":"https:\/\/api.w.org\/{rel}","templated":true}]}}