{"id":2684,"date":"2024-09-24T13:11:08","date_gmt":"2024-09-24T13:11:08","guid":{"rendered":"https:\/\/ko-world.com\/?page_id=2684"},"modified":"2025-02-04T11:11:48","modified_gmt":"2025-02-04T11:11:48","slug":"all-spare-parts","status":"publish","type":"page","link":"https:\/\/ko-world.com\/fr\/all-spare-parts\/","title":{"rendered":"Des pi\u00e8ces de rechange"},"content":{"rendered":"<div class=\"wp-block-group is-style-default has-light-color-background-color has-background is-layout-constrained wp-container-core-group-is-layout-4b5142aa wp-block-group-is-layout-constrained\" style=\"padding-top:var(--wp--preset--spacing--80);padding-right:0;padding-bottom:var(--wp--preset--spacing--80);padding-left:0\">\n<div class=\"wp-block-group is-layout-grid wp-container-core-group-is-layout-61806db6 wp-block-group-is-layout-grid\" style=\"margin-top:0;margin-bottom:0\">\n<div class=\"wp-block-group is-layout-constrained wp-container-core-group-is-layout-7a3688e9 wp-block-group-is-layout-constrained\">\n<h2 class=\"wp-block-heading has-text-align-center\">M\u00e9canique<\/h2>\n\n\n\n<p class=\"has-text-align-center\">Pi\u00e8ces de rechange m\u00e9caniques<\/p>\n\n\n<div class=\"_df_thumb\" id=\"df_2883\"  _slug=\"mechanic\" data-title=\"mechanic\" wpoptions=\"true\" thumb=\"https:\/\/ko-world.com\/wp-content\/uploads\/2024\/08\/car-engine-motor-clean-customized-159293-159293.jpg\" thumbtype=\"\" >mechanic<\/div><script class=\"df-shortcode-script\" type=\"application\/javascript\">window.option_df_2883 = {\"outline\":[],\"autoEnableOutline\":\"false\",\"autoEnableThumbnail\":\"false\",\"overwritePDFOutline\":\"false\",\"direction\":\"1\",\"pageSize\":\"0\",\"source\":\"https:\\\/\\\/ko-world.com\\\/wp-content\\\/uploads\\\/2024\\\/10\\\/mechanic_parts.pdf\",\"wpOptions\":\"true\"}; if(window.DFLIP && window.DFLIP.parseBooks){window.DFLIP.parseBooks();}<\/script>\n<\/div>\n\n\n\n<div class=\"wp-block-group is-layout-constrained wp-container-core-group-is-layout-7a3688e9 wp-block-group-is-layout-constrained\">\n<h2 class=\"wp-block-heading has-text-align-center\">\u00c9LECTRIQUE<\/h2>\n\n\n\n<p class=\"has-text-align-center\">\u00c9lectrique Pi\u00e8ces De Rechange<\/p>\n\n\n<div class=\"_df_thumb\" id=\"df_2875\"  _slug=\"electric\" data-title=\"electric\" wpoptions=\"true\" thumb=\"https:\/\/ko-world.com\/wp-content\/uploads\/2024\/10\/ge483e7d26d5d65ff19f9d3cc983cca3eabf3b1a55f8c26cee61c95b2a8a675fefab307763fc2b1e68d3bd6be0cff3e17afdfb9d5ea1e672678e225f8acbcc32f_1280-1285111.jpg\" thumbtype=\"\" >Electric<\/div><script class=\"df-shortcode-script\" type=\"application\/javascript\">window.option_df_2875 = {\"outline\":[],\"autoEnableOutline\":\"false\",\"autoEnableThumbnail\":\"false\",\"overwritePDFOutline\":\"false\",\"direction\":\"1\",\"pageSize\":\"0\",\"source\":\"https:\\\/\\\/ko-world.com\\\/wp-content\\\/uploads\\\/2024\\\/10\\\/electric_parts.pdf\",\"wpOptions\":\"true\"}; if(window.DFLIP && window.DFLIP.parseBooks){window.DFLIP.parseBooks();}<\/script>\n<\/div>\n\n\n\n<div class=\"wp-block-group is-layout-constrained wp-container-core-group-is-layout-7a3688e9 wp-block-group-is-layout-constrained\">\n<h2 class=\"wp-block-heading has-text-align-center\">Huiles<\/h2>\n\n\n\n<p class=\"has-text-align-center\">Oils Types<\/p>\n\n\n<div class=\"_df_thumb\" id=\"df_2888\"  _slug=\"oils\" data-title=\"oils\" wpoptions=\"true\" thumb=\"https:\/\/ko-world.com\/wp-content\/uploads\/2024\/10\/2024-10-29_180610.jpg\" thumbtype=\"\" >oils<\/div><script class=\"df-shortcode-script\" type=\"application\/javascript\">window.option_df_2888 = {\"outline\":[],\"autoEnableOutline\":\"false\",\"autoEnableThumbnail\":\"false\",\"overwritePDFOutline\":\"false\",\"direction\":\"1\",\"pageSize\":\"0\",\"source\":\"https:\\\/\\\/ko-world.com\\\/wp-content\\\/uploads\\\/2024\\\/10\\\/oils.pdf\",\"wpOptions\":\"true\"}; if(window.DFLIP && window.DFLIP.parseBooks){window.DFLIP.parseBooks();}<\/script>\n<\/div>\n\n\n\n<div class=\"wp-block-group is-layout-constrained wp-container-core-group-is-layout-7a3688e9 wp-block-group-is-layout-constrained\">\n<h2 class=\"wp-block-heading has-text-align-center\">Divers<\/h2>\n\n\n\n<p class=\"has-text-align-center\">Accessoires, Filtres<\/p>\n\n\n<div class=\"_df_thumb\" id=\"df_2885\"  _slug=\"accessories-filters\" data-title=\"divers\" wpoptions=\"true\" thumb=\"https:\/\/ko-world.com\/wp-content\/uploads\/2024\/10\/pexels-photo-21715608-21715608.jpg\" thumbtype=\"\" >divers<\/div><script class=\"df-shortcode-script\" type=\"application\/javascript\">window.option_df_2885 = {\"outline\":[],\"autoEnableOutline\":\"false\",\"autoEnableThumbnail\":\"false\",\"overwritePDFOutline\":\"false\",\"direction\":\"1\",\"pageSize\":\"0\",\"source\":\"https:\\\/\\\/ko-world.com\\\/wp-content\\\/uploads\\\/2024\\\/10\\\/accessories_filters.pdf\",\"wpOptions\":\"true\"}; if(window.DFLIP && window.DFLIP.parseBooks){window.DFLIP.parseBooks();}<\/script>\n<\/div>\n<\/div>\n<\/div>\n\n\n\n<div class=\"wp-block-group is-layout-constrained wp-container-core-group-is-layout-2af18573 wp-block-group-is-layout-constrained\" style=\"margin-top:0;margin-bottom:60px\">\n<h1 class=\"wp-block-heading has-text-align-center\">Marques et Partenaires de Confiance<\/h1>\n\n\n\n<p class=\"has-text-align-center\">Ko-world collabore avec les plus grande marques du monde et partenaires de confiance pour fournir des produits de la plus haute qualit\u00e9. Nos relations de longue terme garantissent une grande valeur,  fiabilit\u00e9 et innovation exceptionnelles pour r\u00e9pondre aux divers besoins de nos clients.<\/p>\n<\/div>\n\n\n\n<div class=\"wp-block-group is-style-default has-transparent-background-color has-background is-content-justification-center is-nowrap is-layout-flex wp-container-core-group-is-layout-083070d0 wp-block-group-is-layout-flex\" style=\"padding-top:var(--wp--preset--spacing--40);padding-bottom:var(--wp--preset--spacing--40)\">\n<figure class=\"wp-block-image size-full is-resized\"><img fetchpriority=\"high\" decoding=\"async\" width=\"225\" height=\"225\" src=\"https:\/\/ko-world.com\/wp-content\/uploads\/2024\/10\/image.png\" alt=\"Logos\" class=\"wp-image-2762\" style=\"width:80px\" srcset=\"https:\/\/ko-world.com\/wp-content\/uploads\/2024\/10\/image.png 225w, https:\/\/ko-world.com\/wp-content\/uploads\/2024\/10\/image-150x150.png 150w, https:\/\/ko-world.com\/wp-content\/uploads\/2024\/10\/image-12x12.png 12w\" sizes=\"(max-width: 225px) 100vw, 225px\" \/><\/figure>\n\n\n\n<figure class=\"wp-block-image is-resized\"><img decoding=\"async\" src=\"https:\/\/seeklogo.com\/images\/K\/kia-motors-logo-7DAA83B4DF-seeklogo.com.png\" alt=\"Kia Motors Logo PNG Vector (EPS) Free Download\" style=\"width:80px\"\/><\/figure>\n\n\n\n<figure class=\"wp-block-image is-resized\"><img decoding=\"async\" src=\"https:\/\/i.pinimg.com\/564x\/4a\/73\/cb\/4a73cb1bbf75a70185fec32e7b4e80b0.jpg\" alt=\"Korean Car Brands, Companies and Manufacturers\" style=\"width:80px\"\/><\/figure>\n\n\n\n<figure class=\"wp-block-image is-resized\"><img decoding=\"async\" src=\"https:\/\/mail.google.com\/mail\/u\/1?ui=2&amp;ik=f446453dda&amp;attid=0.0.1&amp;permmsgid=msg-f:1824734602037271985&amp;th=1952c273e3cb9db1&amp;view=fimg&amp;fur=ip&amp;permmsgid=msg-f:1824734602037271985&amp;sz=s0-l75-ft&amp;attbid=ANGjdJ-Iz5k7D94Gt_4C4L4I8bKXyGa55qVLC5rP7jOXwTpLBCAHqrRJHcOn3fAWcfy2GzjgC7R0UOv2MaPibBjpwEKlE10I0YG5PUZFRFEwRq0jHvq2a91uezn2Bww&amp;disp=emb&amp;realattid=ii_1952c26bed2ad7999131&amp;zw\" alt=\"\" style=\"width:80px\"\/><\/figure>\n<\/div>","protected":false},"excerpt":{"rendered":"<p>Mechanical Mechanical spare parts ELECTRIC Electric Spare Parts Oils Oils Types Divers Accessories, Filters<\/p>","protected":false},"author":1,"featured_media":0,"parent":0,"menu_order":0,"comment_status":"closed","ping_status":"closed","template":"","meta":{"_acf_changed":false,"footnotes":""},"class_list":["post-2684","page","type-page","status-publish","hentry"],"acf":[],"_links":{"self":[{"href":"https:\/\/ko-world.com\/fr\/wp-json\/wp\/v2\/pages\/2684","targetHints":{"allow":["GET"]}}],"collection":[{"href":"https:\/\/ko-world.com\/fr\/wp-json\/wp\/v2\/pages"}],"about":[{"href":"https:\/\/ko-world.com\/fr\/wp-json\/wp\/v2\/types\/page"}],"author":[{"embeddable":true,"href":"https:\/\/ko-world.com\/fr\/wp-json\/wp\/v2\/users\/1"}],"replies":[{"embeddable":true,"href":"https:\/\/ko-world.com\/fr\/wp-json\/wp\/v2\/comments?post=2684"}],"version-history":[{"count":188,"href":"https:\/\/ko-world.com\/fr\/wp-json\/wp\/v2\/pages\/2684\/revisions"}],"predecessor-version":[{"id":4021,"href":"https:\/\/ko-world.com\/fr\/wp-json\/wp\/v2\/pages\/2684\/revisions\/4021"}],"wp:attachment":[{"href":"https:\/\/ko-world.com\/fr\/wp-json\/wp\/v2\/media?parent=2684"}],"curies":[{"name":"wp","href":"https:\/\/api.w.org\/{rel}","templated":true}]}}